{"id":3896,"date":"2026-04-03T06:12:06","date_gmt":"2026-04-03T13:12:06","guid":{"rendered":"https:\/\/fsucanada.ca\/?page_id=3896"},"modified":"2026-04-03T06:17:16","modified_gmt":"2026-04-03T13:17:16","slug":"donate","status":"publish","type":"page","link":"https:\/\/fsucanada.ca\/fr\/donate\/","title":{"rendered":"Faire un don"},"content":{"rendered":"<div data-elementor-type=\"wp-post\" data-elementor-id=\"3896\" class=\"elementor elementor-3896\" data-elementor-post-type=\"page\">\n\t\t\t\t<div data-particle_enable=\"false\" data-particle-mobile-disabled=\"false\" class=\"elementor-element elementor-element-8d76915 e-flex e-con-boxed e-con e-parent\" data-id=\"8d76915\" data-element_type=\"container\" data-e-type=\"container\" data-settings=\"{&quot;background_background&quot;:&quot;classic&quot;}\">\n\t\t\t\t\t<div class=\"e-con-inner\">\n\t\t<div data-particle_enable=\"false\" data-particle-mobile-disabled=\"false\" class=\"elementor-element elementor-element-5b2ee964 e-flex e-con-boxed e-con e-child\" data-id=\"5b2ee964\" data-element_type=\"container\" data-e-type=\"container\" data-settings=\"{&quot;background_background&quot;:&quot;classic&quot;}\">\n\t\t\t\t\t<div class=\"e-con-inner\">\n\t\t\t\t<div class=\"elementor-element elementor-element-21f3f23d elementor-widget elementor-widget-heading\" data-id=\"21f3f23d\" data-element_type=\"widget\" data-e-type=\"widget\" data-widget_type=\"heading.default\">\n\t\t\t\t\t<h1 class=\"elementor-heading-title elementor-size-default\">Faire un don<\/h1>\t\t\t\t<\/div>\n\t\t\t\t\t<\/div>\n\t\t\t\t<\/div>\n\t\t\t\t\t<\/div>\n\t\t\t\t<\/div>\n\t\t<div data-particle_enable=\"false\" data-particle-mobile-disabled=\"false\" class=\"elementor-element elementor-element-4b4a7754 e-flex e-con-boxed e-con e-parent\" data-id=\"4b4a7754\" data-element_type=\"container\" data-e-type=\"container\" data-settings=\"{&quot;background_background&quot;:&quot;classic&quot;}\">\n\t\t\t\t\t<div class=\"e-con-inner\">\n\t\t<div data-particle_enable=\"false\" data-particle-mobile-disabled=\"false\" class=\"elementor-element elementor-element-78a7144e e-con-full e-flex e-con e-child\" data-id=\"78a7144e\" data-element_type=\"container\" data-e-type=\"container\" data-settings=\"{&quot;background_background&quot;:&quot;classic&quot;}\">\n\t\t<div data-particle_enable=\"false\" data-particle-mobile-disabled=\"false\" class=\"elementor-element elementor-element-c3517fa e-con-full e-flex e-con e-child\" data-id=\"c3517fa\" data-element_type=\"container\" data-e-type=\"container\">\n\t\t\t\t<div class=\"elementor-element elementor-element-36380e07 elementor-widget elementor-widget-heading\" data-id=\"36380e07\" data-element_type=\"widget\" data-e-type=\"widget\" data-widget_type=\"heading.default\">\n\t\t\t\t\t<h2 class=\"elementor-heading-title elementor-size-default\">Faire un don aujourd'hui<\/h2>\t\t\t\t<\/div>\n\t\t\t\t<div class=\"elementor-element elementor-element-65522d40 elementor-widget elementor-widget-image\" data-id=\"65522d40\" data-element_type=\"widget\" data-e-type=\"widget\" data-widget_type=\"image.default\">\n\t\t\t\t\t\t\t\t\t\t\t\t\t\t\t<img fetchpriority=\"high\" decoding=\"async\" width=\"500\" height=\"500\" src=\"https:\/\/fsucanada.ca\/wp-content\/uploads\/2025\/08\/Donation.png\" class=\"attachment-large size-large wp-image-1399\" alt=\"\" srcset=\"https:\/\/fsucanada.ca\/wp-content\/uploads\/2025\/08\/Donation.png 500w, https:\/\/fsucanada.ca\/wp-content\/uploads\/2025\/08\/Donation-300x300.png 300w, https:\/\/fsucanada.ca\/wp-content\/uploads\/2025\/08\/Donation-150x150.png 150w, https:\/\/fsucanada.ca\/wp-content\/uploads\/2025\/08\/Donation-12x12.png 12w\" sizes=\"(max-width: 500px) 100vw, 500px\" \/>\t\t\t\t\t\t\t\t\t\t\t\t\t\t\t<\/div>\n\t\t\t\t<div class=\"elementor-element elementor-element-13f61b99 elementor-widget elementor-widget-heading\" data-id=\"13f61b99\" data-element_type=\"widget\" data-e-type=\"widget\" data-widget_type=\"heading.default\">\n\t\t\t\t\t<h2 class=\"elementor-heading-title elementor-size-default\">Soutenir la libert\u00e9 d'expression au Canada<\/h2>\t\t\t\t<\/div>\n\t\t\t\t<div class=\"elementor-element elementor-element-5c009f58 elementor-widget elementor-widget-heading\" data-id=\"5c009f58\" data-element_type=\"widget\" data-e-type=\"widget\" data-widget_type=\"heading.default\">\n\t\t\t\t\t<h5 class=\"elementor-heading-title elementor-size-default\">La libert\u00e9 d'expression est constamment menac\u00e9e et sa d\u00e9fense n\u00e9cessite des ressources, des actions de plaidoyer et un soutien juridique. La Free Speech Union of Canada compte sur la g\u00e9n\u00e9rosit\u00e9 de ses membres et de ses donateurs pour s'opposer \u00e0 la censure, soutenir les personnes confront\u00e9es \u00e0 des restrictions injustes et promouvoir une culture de d\u00e9bat ouvert.<br><br>\n\nVotre contribution, qu'elle soit importante ou modeste, nous aide \u00e0 traiter des affaires juridiques cruciales, \u00e0 mener des campagnes de sensibilisation et \u00e0 fournir des ressources essentielles \u00e0 ceux qui luttent pour s'exprimer librement. Ensemble, nous pouvons lutter contre l'\u00e9rosion de nos droits fondamentaux et faire en sorte que le Canada reste une soci\u00e9t\u00e9 libre.<br><br><b>\n\nFaites un don aujourd'hui et participez au mouvement visant \u00e0 prot\u00e9ger la libert\u00e9 d'expression pour les g\u00e9n\u00e9rations \u00e0 venir.<\/b><\/h5>\t\t\t\t<\/div>\n\t\t\t\t<div class=\"elementor-element elementor-element-52141d41 elementor-mobile-align-center elementor-align-center elementor-widget elementor-widget-button\" data-id=\"52141d41\" data-element_type=\"widget\" data-e-type=\"widget\" data-widget_type=\"button.default\">\n\t\t\t\t\t\t\t\t\t\t<a class=\"elementor-button elementor-button-link elementor-size-sm elementor-animation-grow\" href=\"https:\/\/fsucanada.ca\/fr\/about\/#values\">\n\t\t\t\t\t\t<span class=\"elementor-button-content-wrapper\">\n\t\t\t\t\t\t<span class=\"elementor-button-icon\">\n\t\t\t\t<i aria-hidden=\"true\" class=\"arrow_carrot-right\"><\/i>\t\t\t<\/span>\n\t\t\t\t\t\t\t\t\t<span class=\"elementor-button-text\">En savoir plus sur notre mission<\/span>\n\t\t\t\t\t<\/span>\n\t\t\t\t\t<\/a>\n\t\t\t\t\t\t\t\t<\/div>\n\t\t\t\t<\/div>\n\t\t\t\t<div class=\"elementor-element elementor-element-3dc7ec08 elementor-widget elementor-widget-shortcode\" data-id=\"3dc7ec08\" data-element_type=\"widget\" data-e-type=\"widget\" data-widget_type=\"shortcode.default\">\n\t\t\t\t\t\t\t<div class=\"elementor-shortcode\"><script type=\"module\" src=\"https:\/\/donorbox.org\/widgets.js\" async><\/script><dbox-widget campaign=\"defend-free-speech-in-canada\" type=\"donation_form\" enable-auto-scroll=\"true\"><\/dbox-widget><\/div>\n\t\t\t\t\t\t<\/div>\n\t\t\t\t<\/div>\n\t\t\t\t\t<\/div>\n\t\t\t\t<\/div>\n\t\t\t\t<\/div>","protected":false},"excerpt":{"rendered":"<p>Donate Make a Donation Today Support Free Speech in Canada Free speech is under constant threat, and defending it requires resources, advocacy, and legal support. The Free Speech Union of Canada relies on the generosity of members and donors to stand up against censorship, support individuals facing unjust restrictions, and promote a culture of open [&hellip;]<\/p>\n","protected":false},"author":462,"featured_media":0,"parent":0,"menu_order":0,"comment_status":"closed","ping_status":"closed","template":"elementor_header_footer","meta":{"footnotes":""},"class_list":["post-3896","page","type-page","status-publish","hentry"],"_links":{"self":[{"href":"https:\/\/fsucanada.ca\/fr\/wp-json\/wp\/v2\/pages\/3896","targetHints":{"allow":["GET"]}}],"collection":[{"href":"https:\/\/fsucanada.ca\/fr\/wp-json\/wp\/v2\/pages"}],"about":[{"href":"https:\/\/fsucanada.ca\/fr\/wp-json\/wp\/v2\/types\/page"}],"author":[{"embeddable":true,"href":"https:\/\/fsucanada.ca\/fr\/wp-json\/wp\/v2\/users\/462"}],"replies":[{"embeddable":true,"href":"https:\/\/fsucanada.ca\/fr\/wp-json\/wp\/v2\/comments?post=3896"}],"version-history":[{"count":4,"href":"https:\/\/fsucanada.ca\/fr\/wp-json\/wp\/v2\/pages\/3896\/revisions"}],"predecessor-version":[{"id":3900,"href":"https:\/\/fsucanada.ca\/fr\/wp-json\/wp\/v2\/pages\/3896\/revisions\/3900"}],"wp:attachment":[{"href":"https:\/\/fsucanada.ca\/fr\/wp-json\/wp\/v2\/media?parent=3896"}],"curies":[{"name":"wp","href":"https:\/\/api.w.org\/{rel}","templated":true}]}}