{"id":285,"date":"2025-01-19T07:35:03","date_gmt":"2025-01-19T07:35:03","guid":{"rendered":"http:\/\/fsucanada.ca\/donation-failed\/"},"modified":"2025-01-19T22:14:44","modified_gmt":"2025-01-19T22:14:44","slug":"donation-failed","status":"publish","type":"page","link":"https:\/\/fsucanada.ca\/fr\/donation-failed\/","title":{"rendered":"\u00c9chec du don"},"content":{"rendered":"<div data-elementor-type=\"wp-page\" data-elementor-id=\"285\" class=\"elementor elementor-285\" data-elementor-post-type=\"page\">\n\t\t\t\t<div data-particle_enable=\"false\" data-particle-mobile-disabled=\"false\" class=\"elementor-element elementor-element-633353d6 e-flex e-con-boxed e-con e-parent\" data-id=\"633353d6\" data-element_type=\"container\" data-e-type=\"container\" data-settings=\"{&quot;background_background&quot;:&quot;classic&quot;}\">\n\t\t\t\t\t<div class=\"e-con-inner\">\n\t\t<div data-particle_enable=\"false\" data-particle-mobile-disabled=\"false\" class=\"elementor-element elementor-element-7f4752fc e-flex e-con-boxed elementor-invisible e-con e-child\" data-id=\"7f4752fc\" data-element_type=\"container\" data-e-type=\"container\" data-settings=\"{&quot;background_background&quot;:&quot;classic&quot;,&quot;animation&quot;:&quot;fadeInUp&quot;}\">\n\t\t\t\t\t<div class=\"e-con-inner\">\n\t\t\t\t<div class=\"elementor-element elementor-element-498d6294 elementor-widget elementor-widget-heading\" data-id=\"498d6294\" data-element_type=\"widget\" data-e-type=\"widget\" data-widget_type=\"heading.default\">\n\t\t\t\t<div class=\"elementor-widget-container\">\n\t\t\t\t\t<h1 class=\"elementor-heading-title elementor-size-default\">Nous sommes d\u00e9sol\u00e9s, mais quelque chose a mal tourn\u00e9.<\/h1>\t\t\t\t<\/div>\n\t\t\t\t<\/div>\n\t\t\t\t<div class=\"elementor-element elementor-element-3acda03d elementor-widget elementor-widget-heading\" data-id=\"3acda03d\" data-element_type=\"widget\" data-e-type=\"widget\" data-widget_type=\"heading.default\">\n\t\t\t\t<div class=\"elementor-widget-container\">\n\t\t\t\t\t<h4 class=\"elementor-heading-title elementor-size-default\">Votre don n'a pas \u00e9t\u00e9 trait\u00e9. Veuillez r\u00e9essayer ou nous contacter pour obtenir de l'aide.<\/h4>\t\t\t\t<\/div>\n\t\t\t\t<\/div>\n\t\t\t\t\t<\/div>\n\t\t\t\t<\/div>\n\t\t\t\t\t<\/div>\n\t\t\t\t<\/div>\n\t\t\t\t<\/div>","protected":false},"excerpt":{"rendered":"<p>Nous sommes d\u00e9sol\u00e9s, mais quelque chose n'a pas fonctionn\u00e9. Votre don n'a pas \u00e9t\u00e9 trait\u00e9. Veuillez r\u00e9essayer ou nous contacter pour obtenir de l'aide.<\/p>","protected":false},"author":281,"featured_media":0,"parent":0,"menu_order":0,"comment_status":"closed","ping_status":"closed","template":"elementor_header_footer","meta":{"footnotes":""},"class_list":["post-285","page","type-page","status-publish","hentry"],"_links":{"self":[{"href":"https:\/\/fsucanada.ca\/fr\/wp-json\/wp\/v2\/pages\/285","targetHints":{"allow":["GET"]}}],"collection":[{"href":"https:\/\/fsucanada.ca\/fr\/wp-json\/wp\/v2\/pages"}],"about":[{"href":"https:\/\/fsucanada.ca\/fr\/wp-json\/wp\/v2\/types\/page"}],"author":[{"embeddable":true,"href":"https:\/\/fsucanada.ca\/fr\/wp-json\/wp\/v2\/users\/281"}],"replies":[{"embeddable":true,"href":"https:\/\/fsucanada.ca\/fr\/wp-json\/wp\/v2\/comments?post=285"}],"version-history":[{"count":0,"href":"https:\/\/fsucanada.ca\/fr\/wp-json\/wp\/v2\/pages\/285\/revisions"}],"wp:attachment":[{"href":"https:\/\/fsucanada.ca\/fr\/wp-json\/wp\/v2\/media?parent=285"}],"curies":[{"name":"wp","href":"https:\/\/api.w.org\/{rel}","templated":true}]}}