{"id":281,"date":"2025-01-19T07:34:18","date_gmt":"2025-01-19T07:34:18","guid":{"rendered":"http:\/\/fsucanada.ca\/thank-you\/"},"modified":"2025-01-19T07:34:18","modified_gmt":"2025-01-19T07:34:18","slug":"thank-you","status":"publish","type":"page","link":"https:\/\/fsucanada.ca\/fr\/thank-you\/","title":{"rendered":"Merci de votre attention"},"content":{"rendered":"<p>Votre abonnement a \u00e9t\u00e9 configur\u00e9 avec succ\u00e8s.<\/p>","protected":false},"excerpt":{"rendered":"<p>Votre abonnement a \u00e9t\u00e9 configur\u00e9 avec succ\u00e8s.<\/p>","protected":false},"author":281,"featured_media":0,"parent":0,"menu_order":0,"comment_status":"closed","ping_status":"closed","template":"","meta":{"footnotes":""},"class_list":["post-281","page","type-page","status-publish","hentry"],"_links":{"self":[{"href":"https:\/\/fsucanada.ca\/fr\/wp-json\/wp\/v2\/pages\/281","targetHints":{"allow":["GET"]}}],"collection":[{"href":"https:\/\/fsucanada.ca\/fr\/wp-json\/wp\/v2\/pages"}],"about":[{"href":"https:\/\/fsucanada.ca\/fr\/wp-json\/wp\/v2\/types\/page"}],"author":[{"embeddable":true,"href":"https:\/\/fsucanada.ca\/fr\/wp-json\/wp\/v2\/users\/281"}],"replies":[{"embeddable":true,"href":"https:\/\/fsucanada.ca\/fr\/wp-json\/wp\/v2\/comments?post=281"}],"version-history":[{"count":0,"href":"https:\/\/fsucanada.ca\/fr\/wp-json\/wp\/v2\/pages\/281\/revisions"}],"wp:attachment":[{"href":"https:\/\/fsucanada.ca\/fr\/wp-json\/wp\/v2\/media?parent=281"}],"curies":[{"name":"wp","href":"https:\/\/api.w.org\/{rel}","templated":true}]}}