{"id":2714,"date":"2026-01-29T12:37:26","date_gmt":"2026-01-29T20:37:26","guid":{"rendered":"http:\/\/fsucanada.ca\/?page_id=2714"},"modified":"2026-02-20T12:13:02","modified_gmt":"2026-02-20T20:13:02","slug":"privacy-policy","status":"publish","type":"page","link":"https:\/\/fsucanada.ca\/fr\/privacy-policy\/","title":{"rendered":"Privacy Policy"},"content":{"rendered":"<div data-elementor-type=\"wp-page\" data-elementor-id=\"2714\" class=\"elementor elementor-2714\" data-elementor-post-type=\"page\">\n\t\t\t\t<div data-particle_enable=\"false\" data-particle-mobile-disabled=\"false\" class=\"elementor-element elementor-element-7286e2cd e-flex e-con-boxed e-con e-parent\" data-id=\"7286e2cd\" data-element_type=\"container\" data-e-type=\"container\" data-settings=\"{&quot;background_background&quot;:&quot;classic&quot;}\">\n\t\t\t\t\t<div class=\"e-con-inner\">\n\t\t\t\t\t<\/div>\n\t\t\t\t<\/div>\n\t\t<div data-particle_enable=\"false\" data-particle-mobile-disabled=\"false\" class=\"elementor-element elementor-element-55e49f8 e-con-full e-flex e-con e-parent\" data-id=\"55e49f8\" data-element_type=\"container\" data-e-type=\"container\" data-settings=\"{&quot;background_background&quot;:&quot;classic&quot;}\">\n\t\t\t\t<div class=\"elementor-element elementor-element-cf177b6 elementor-widget elementor-widget-heading\" data-id=\"cf177b6\" data-element_type=\"widget\" data-e-type=\"widget\" data-widget_type=\"heading.default\">\n\t\t\t\t<div class=\"elementor-widget-container\">\n\t\t\t\t\t<h2 class=\"elementor-heading-title elementor-size-default\">Politique de confidentialit\u00e9 : Free Speech Union of Canada<\/h2>\t\t\t\t<\/div>\n\t\t\t\t<\/div>\n\t\t\t\t<div class=\"elementor-element elementor-element-5f4bc0a elementor-widget elementor-widget-image\" data-id=\"5f4bc0a\" data-element_type=\"widget\" data-e-type=\"widget\" data-widget_type=\"image.default\">\n\t\t\t\t<div class=\"elementor-widget-container\">\n\t\t\t\t\t\t\t\t\t\t\t\t\t\t\t<img decoding=\"async\" width=\"300\" height=\"91\" src=\"https:\/\/fsucanada.ca\/wp-content\/uploads\/2026\/01\/FSUC-Revised-Logo-Horizontal-300x91.png\" class=\"attachment-medium size-medium wp-image-2591\" alt=\"\" srcset=\"https:\/\/fsucanada.ca\/wp-content\/uploads\/2026\/01\/FSUC-Revised-Logo-Horizontal-300x91.png 300w, https:\/\/fsucanada.ca\/wp-content\/uploads\/2026\/01\/FSUC-Revised-Logo-Horizontal-1024x310.png 1024w, https:\/\/fsucanada.ca\/wp-content\/uploads\/2026\/01\/FSUC-Revised-Logo-Horizontal-768x233.png 768w, https:\/\/fsucanada.ca\/wp-content\/uploads\/2026\/01\/FSUC-Revised-Logo-Horizontal-1536x465.png 1536w, https:\/\/fsucanada.ca\/wp-content\/uploads\/2026\/01\/FSUC-Revised-Logo-Horizontal-2048x621.png 2048w, https:\/\/fsucanada.ca\/wp-content\/uploads\/2026\/01\/FSUC-Revised-Logo-Horizontal-18x5.png 18w\" sizes=\"(max-width: 300px) 100vw, 300px\" \/>\t\t\t\t\t\t\t\t\t\t\t\t\t\t\t<\/div>\n\t\t\t\t<\/div>\n\t\t\t\t<div class=\"elementor-element elementor-element-e5b3165 elementor-widget elementor-widget-text-editor\" data-id=\"e5b3165\" data-element_type=\"widget\" data-e-type=\"widget\" data-widget_type=\"text-editor.default\">\n\t\t\t\t<div class=\"elementor-widget-container\">\n\t\t\t\t\t\t\t\t\t<div role=\"heading\" aria-level=\"3\" data-animation-nesting=\"\" data-sfc-cp=\"\" data-complete=\"true\" data-processed=\"true\" data-sae=\"\"><strong data-complete=\"true\" data-processed=\"true\">Derni\u00e8re mise \u00e0 jour :<\/strong> 29 janvier 2025.<\/div><div role=\"heading\" aria-level=\"3\" data-animation-nesting=\"\" data-sfc-cp=\"\" data-complete=\"true\" data-processed=\"true\" data-sae=\"\">\u00a0<\/div><div data-sfc-cp=\"\" data-hveid=\"CAEICBAA\" data-processed=\"true\" data-complete=\"true\">La Free Speech Union of Canada (FSU Canada) s'engage \u00e0 prot\u00e9ger votre vie priv\u00e9e et \u00e0 assurer la s\u00e9curit\u00e9 de vos informations personnelles. Cette politique est conforme \u00e0 la loi f\u00e9d\u00e9rale sur la protection des renseignements personnels.\u00a0<em data-complete=\"true\" data-processed=\"true\">Loi sur la protection des informations personnelles et les documents \u00e9lectroniques<\/em>\u00a0(PIPEDA) et les l\u00e9gislations provinciales pertinentes.<span data-wiz-uids=\"a5uEyc_1k,a5uEyc_1l\" data-complete=\"true\" data-processed=\"true\"><span data-animation-atomic=\"\" data-wiz-attrbind=\"class=a5uEyc_1j\/TKHnVd\" data-sae=\"\">\u00a0<\/span><\/span><\/div><div data-sfc-cp=\"\" data-complete=\"true\" data-processed=\"true\">\u00a0<\/div><div role=\"heading\" aria-level=\"3\" data-animation-nesting=\"\" data-sfc-cp=\"\" data-complete=\"true\" data-processed=\"true\" data-sae=\"\"><strong data-complete=\"true\">1. L'obligation de rendre compte<\/strong><\/div><div data-sfc-cp=\"\" data-hveid=\"CAEIChAA\" data-processed=\"true\" data-complete=\"true\">Vos renseignements personnels (nom, adresse, num\u00e9ro de t\u00e9l\u00e9phone, courriel, historique des dons, etc.) sont conserv\u00e9s \u00e0 l'aide de technologies s\u00e9curis\u00e9es. FSU Canada adh\u00e8re \u00e0 des politiques strictes pour emp\u00eacher tout acc\u00e8s ou utilisation non autoris\u00e9.<\/div><div data-sfc-cp=\"\" data-hveid=\"CAEIChAA\" data-processed=\"true\" data-complete=\"true\">\u00a0<\/div><div data-sfc-cp=\"\" data-hveid=\"CAEICxAA\" data-complete=\"true\" data-processed=\"true\"><p>Pour consulter vos informations personnelles ou pour \u00eatre retir\u00e9 de nos listes, veuillez adresser votre demande \u00e0 notre responsable de la protection de la vie priv\u00e9e en indiquant comme objet \u2018Protection de la vie priv\u00e9e, informations personnelles\u2019 :<\/p><\/div><ul data-complete=\"true\" data-processed=\"true\"><li data-hveid=\"CAEIDBAA\" data-complete=\"true\" data-sae=\"\"><span style=\"background-color: transparent;\" data-sfc-cp=\"\" data-complete=\"true\"><strong data-complete=\"true\">Par courrier \u00e9lectronique :<\/strong> info@fsucanada.ca<\/span><\/li><\/ul><div data-sfc-cp=\"\" data-complete=\"true\" data-processed=\"true\">\u00a0<\/div><div role=\"heading\" aria-level=\"3\" data-animation-nesting=\"\" data-sfc-cp=\"\" data-complete=\"true\" data-processed=\"true\" data-sae=\"\"><strong data-complete=\"true\">2. Collecte et utilisation des informations<\/strong><\/div><div data-sfc-cp=\"\" data-hveid=\"CAEIDhAA\" data-complete=\"true\" data-processed=\"true\"><span data-sfc-cp=\"\" data-complete=\"true\" data-processed=\"true\">La FSU Canada re\u00e7oit des informations personnelles par l'interm\u00e9diaire de son site web (<span data-sfc-cp=\"\" data-complete=\"true\" data-processed=\"true\"><a href=\"https:\/\/fsucanada.ca\/fr\/\" target=\"_blank\" rel=\"noopener\" data-hveid=\"CAEIDhAB\" data-processed=\"true\">https:\/\/fsucanada.ca<\/a><\/span>), des courriers \u00e9lectroniques, des courriers directs et des recommandations de la part de sympathisants existants.<\/span><span data-wiz-uids=\"a5uEyc_2l,a5uEyc_2m\" data-complete=\"true\" data-processed=\"true\"><span data-animation-atomic=\"\" data-wiz-attrbind=\"class=a5uEyc_2k\/TKHnVd\" data-sae=\"\">\u00a0<\/span><\/span><\/div><ul data-processed=\"true\" data-complete=\"true\"><li data-hveid=\"CAEIDxAA\" data-complete=\"true\" data-sae=\"\"><span data-sfc-cp=\"\" data-complete=\"true\"><strong data-complete=\"true\">Disposition volontaire :<\/strong>\u00a0Les informations sont utilis\u00e9es pour fournir des mises \u00e0 jour, des informations sur les projets et des appels li\u00e9s \u00e0 la mission et aux activit\u00e9s de la FSU Canada.<\/span><\/li><li data-hveid=\"CAEIDxAB\" data-complete=\"true\" data-sae=\"\"><span data-sfc-cp=\"\" data-complete=\"true\"><strong data-complete=\"true\">Sources tierces :<\/strong> Les informations obtenues sans consentement direct le sont uniquement par le biais de sources accessibles au public, telles que des annuaires en ligne, ou de sources fiables (par exemple, des campagnes, p\u00e9titions ou projets connexes auxquels vous avez pu participer avec des membres de l'\u00e9quipe FSUC).<\/span><\/li><li data-hveid=\"CAEIDxAC\" data-complete=\"true\" data-sae=\"\"><span data-sfc-cp=\"\" data-complete=\"true\"><strong data-complete=\"true\">Non-divulgation :<\/strong>\u00a0Nous le faisons\u00a0<strong data-complete=\"true\">pas<\/strong>, ne vend, n'\u00e9change ou ne c\u00e8de en aucun cas vos informations personnelles \u00e0 des tiers \u00e0 des fins de marketing.<\/span><\/li><li data-hveid=\"CAEIDxAD\" data-complete=\"true\" data-sae=\"\"><span data-sfc-cp=\"\" data-complete=\"true\"><strong data-complete=\"true\">Donn\u00e9es agr\u00e9g\u00e9es :<\/strong>\u00a0Nous pouvons partager des informations anonymes et globales sur notre base de supporters avec des tiers \u00e0 des fins commerciales ou de reporting.<\/span><\/li><\/ul><div data-sfc-cp=\"\" data-complete=\"true\" data-processed=\"true\">\u00a0<\/div><div role=\"heading\" aria-level=\"3\" data-animation-nesting=\"\" data-sfc-cp=\"\" data-complete=\"true\" data-processed=\"true\" data-sae=\"\"><strong data-complete=\"true\">3. Donn\u00e9es techniques du site web (WordPress)<\/strong><\/div><div data-sfc-cp=\"\" data-hveid=\"CAEIERAA\" data-complete=\"true\" data-processed=\"true\">Notre site web utilise WordPress et des plugins l\u00e9gitimes pour g\u00e9rer les interactions avec les utilisateurs :<\/div><ul data-processed=\"true\" data-complete=\"true\"><li data-hveid=\"CAEIEhAA\" data-complete=\"true\" data-sae=\"\"><span data-sfc-cp=\"\" data-complete=\"true\"><strong data-complete=\"true\">Commentaires :<\/strong>\u00a0Lorsque les visiteurs laissent des commentaires, nous recueillons les donn\u00e9es figurant dans le formulaire de commentaires, l'adresse IP du visiteur et la cha\u00eene de l'agent utilisateur du navigateur afin de faciliter la d\u00e9tection des spams. Une cha\u00eene anonymis\u00e9e (hachage) peut \u00eatre fournie au service Gravatar.<\/span><\/li><li data-hveid=\"CAEIEhAB\" data-complete=\"true\" data-sae=\"\"><span data-sfc-cp=\"\" data-complete=\"true\"><strong data-complete=\"true\">Les m\u00e9dias :<\/strong>\u00a0Si vous t\u00e9l\u00e9chargez des images, \u00e9vitez d'inclure des donn\u00e9es de localisation int\u00e9gr\u00e9es (EXIF GPS), car d'autres visiteurs pourraient les t\u00e9l\u00e9charger et les extraire.<\/span><\/li><li data-hveid=\"CAEIEhAC\" data-complete=\"true\" data-sae=\"\"><span data-sfc-cp=\"\" data-complete=\"true\"><strong data-complete=\"true\">Cookies :<\/strong><\/span><br \/><ul data-complete=\"true\"><li data-hveid=\"CAEIEhAD\" data-complete=\"true\" data-sae=\"\"><span data-sfc-cp=\"\" data-complete=\"true\">Si vous laissez un commentaire, vous pouvez choisir d'enregistrer votre nom et votre adresse \u00e9lectronique dans des cookies pour votre commodit\u00e9 (pour une dur\u00e9e d'un an).<\/span><\/li><li data-hveid=\"CAEIEhAE\" data-complete=\"true\" data-sae=\"\"><span data-sfc-cp=\"\" data-complete=\"true\">Des cookies de connexion sont install\u00e9s pour d\u00e9terminer la compatibilit\u00e9 du navigateur et enregistrer les choix d'affichage (dur\u00e9e de deux jours \u00e0 un an en fonction de la s\u00e9lection).<\/span><\/li><\/ul><\/li><\/ul><div data-sfc-cp=\"\" data-complete=\"true\" data-processed=\"true\">\u00a0<\/div><div role=\"heading\" aria-level=\"3\" data-animation-nesting=\"\" data-sfc-cp=\"\" data-complete=\"true\" data-processed=\"true\" data-sae=\"\"><strong data-complete=\"true\">4. Prestataires de services tiers<\/strong><\/div><div data-sfc-cp=\"\" data-hveid=\"CAEIFBAA\" data-processed=\"true\" data-complete=\"true\"><p>Nous fournissons des informations \u00e0 des tiers sur une base strictement confidentielle et s\u00e9curis\u00e9e, uniquement pour qu'ils fournissent des services en notre nom (par exemple, distribution de courrier \u00e9lectronique, gestion des relations avec la client\u00e8le (CRM), enqu\u00eates ou traitement de messages textuels).<\/p><p><strong data-complete=\"true\" data-processed=\"true\">Transferts internationaux de donn\u00e9es :<\/strong>\u00a0Bien que la FSU Canada soit bas\u00e9e au Canada, nous utilisons des plateformes comme Google. Vous reconnaissez que vos donn\u00e9es peuvent \u00eatre stock\u00e9es ou trait\u00e9es sur des serveurs situ\u00e9s \u00e0 l'ext\u00e9rieur du Canada et qu'elles peuvent \u00eatre accessibles aux forces de l'ordre \u00e9trang\u00e8res en vertu des lois locales (comme le CLOUD Act des \u00c9tats-Unis).\u00a0<\/p><\/div><div role=\"heading\" aria-level=\"3\" data-animation-nesting=\"\" data-sfc-cp=\"\" data-complete=\"true\" data-processed=\"true\" data-sae=\"\"><strong data-complete=\"true\">5. P\u00e9titions et campagnes<\/strong><\/div><div data-sfc-cp=\"\" data-hveid=\"CAEIFxAA\" data-processed=\"true\" data-complete=\"true\">La FSU Canada organise occasionnellement des campagnes de p\u00e9tition. Les noms et adresses recueillis dans le cadre de ces p\u00e9titions sont transmis \u00e0 l'homme ou \u00e0 la femme politique d\u00e9sign\u00e9(e) ou \u00e0 l'organisme auquel la p\u00e9tition est adress\u00e9e. En signant la p\u00e9tition, vous acceptez que la FSU Canada vous envoie \u00e9galement des informations sur son travail.<\/div><div data-sfc-cp=\"\" data-complete=\"true\" data-processed=\"true\">\u00a0<\/div><div role=\"heading\" aria-level=\"3\" data-animation-nesting=\"\" data-sfc-cp=\"\" data-processed=\"true\" data-sae=\"\" data-complete=\"true\"><strong data-complete=\"true\">6. Conservation des donn\u00e9es et s\u00e9curit\u00e9<\/strong><\/div><ul data-processed=\"true\" data-complete=\"true\"><li data-hveid=\"CAEIGRAA\" data-complete=\"true\" data-sae=\"\"><span data-sfc-cp=\"\" data-complete=\"true\"><strong data-complete=\"true\">R\u00e9tention :<\/strong>\u00a0Nous conservons vos informations jusqu'\u00e0 ce que vous demandiez \u00e0 \u00eatre retir\u00e9 de notre base de donn\u00e9es. Les informations relatives aux dons sont conserv\u00e9es pendant la dur\u00e9e requise par l'Agence du revenu du Canada \u00e0 des fins fiscales et d'audit.<\/span><\/li><li data-hveid=\"CAEIGRAB\" data-complete=\"true\" data-sae=\"\"><span data-sfc-cp=\"\" data-complete=\"true\"><strong data-complete=\"true\">La s\u00e9curit\u00e9 :<\/strong>\u00a0L'acc\u00e8s \u00e0 tous les renseignements personnels est r\u00e9serv\u00e9 aux dirigeants, aux employ\u00e9s et aux agents autoris\u00e9s de la FSU Canada. Toutes les donn\u00e9es sensibles sont crypt\u00e9es lors de la transmission via SSL (HTTPS).<\/span><\/li><\/ul><div data-sfc-cp=\"\" data-processed=\"true\" data-complete=\"true\">\u00a0<\/div><div role=\"heading\" aria-level=\"3\" data-animation-nesting=\"\" data-sfc-cp=\"\" data-processed=\"true\" data-sae=\"\" data-complete=\"true\"><strong data-complete=\"true\">7. Vos droits sur vos donn\u00e9es<\/strong><\/div><div data-sfc-cp=\"\" data-hveid=\"CAEIGxAA\" data-processed=\"true\" data-complete=\"true\" aria-owns=\"action-menu-toolbar\">Vous pouvez demander un fichier export\u00e9 des donn\u00e9es personnelles que nous d\u00e9tenons \u00e0 votre sujet ou demander que nous effacions toutes les donn\u00e9es personnelles que nous d\u00e9tenons. Cela n'inclut pas les donn\u00e9es que nous sommes oblig\u00e9s de conserver \u00e0 des fins administratives, juridiques ou de s\u00e9curit\u00e9.<\/div>\t\t\t\t\t\t\t\t<\/div>\n\t\t\t\t<\/div>\n\t\t\t\t<\/div>\n\t\t\t\t<\/div>","protected":false},"excerpt":{"rendered":"<p>Privacy Policy: Free Speech Union of Canada Last Updated: Jan 29, 2025.\u00a0The Free Speech Union of Canada (FSU Canada) is committed to protecting your privacy and ensuring the security of your personal information. This policy complies with the federal\u00a0Personal Information Protection and Electronic Documents Act\u00a0(PIPEDA) and relevant provincial legislation.\u00a0\u00a01. AccountabilityYour personal information (name, address, phone [&hellip;]<\/p>\n","protected":false},"author":281,"featured_media":0,"parent":0,"menu_order":0,"comment_status":"closed","ping_status":"closed","template":"","meta":{"footnotes":""},"class_list":["post-2714","page","type-page","status-publish","hentry"],"_links":{"self":[{"href":"https:\/\/fsucanada.ca\/fr\/wp-json\/wp\/v2\/pages\/2714","targetHints":{"allow":["GET"]}}],"collection":[{"href":"https:\/\/fsucanada.ca\/fr\/wp-json\/wp\/v2\/pages"}],"about":[{"href":"https:\/\/fsucanada.ca\/fr\/wp-json\/wp\/v2\/types\/page"}],"author":[{"embeddable":true,"href":"https:\/\/fsucanada.ca\/fr\/wp-json\/wp\/v2\/users\/281"}],"replies":[{"embeddable":true,"href":"https:\/\/fsucanada.ca\/fr\/wp-json\/wp\/v2\/comments?post=2714"}],"version-history":[{"count":0,"href":"https:\/\/fsucanada.ca\/fr\/wp-json\/wp\/v2\/pages\/2714\/revisions"}],"wp:attachment":[{"href":"https:\/\/fsucanada.ca\/fr\/wp-json\/wp\/v2\/media?parent=2714"}],"curies":[{"name":"wp","href":"https:\/\/api.w.org\/{rel}","templated":true}]}}