{"id":1103,"date":"2025-07-11T13:16:23","date_gmt":"2025-07-11T20:16:23","guid":{"rendered":"http:\/\/fsucanada.ca\/?page_id=1103"},"modified":"2026-01-19T07:08:22","modified_gmt":"2026-01-19T15:08:22","slug":"help-margaret-munn-fight-cancel-culture","status":"publish","type":"page","link":"https:\/\/fsucanada.ca\/fr\/help-margaret-munn-fight-cancel-culture\/","title":{"rendered":"Aidez Margaret Munn \u00e0 lutter contre la culture de l'annulation"},"content":{"rendered":"<div data-elementor-type=\"wp-page\" data-elementor-id=\"1103\" class=\"elementor elementor-1103\" data-elementor-post-type=\"page\">\n\t\t\t\t<div data-particle_enable=\"false\" data-particle-mobile-disabled=\"false\" class=\"elementor-element elementor-element-33ad0a37 e-flex e-con-boxed e-con e-parent\" data-id=\"33ad0a37\" data-element_type=\"container\" data-e-type=\"container\">\n\t\t\t\t\t<div class=\"e-con-inner\">\n\t\t\t\t<div class=\"elementor-element elementor-element-5fa53e4c elementor-widget elementor-widget-text-editor\" data-id=\"5fa53e4c\" data-element_type=\"widget\" data-e-type=\"widget\" data-widget_type=\"text-editor.default\">\n\t\t\t\t<div class=\"elementor-widget-container\">\n\t\t\t\t\t\t\t\t\t\n<div class=\"wp-block-columns is-layout-flex wp-container-core-columns-is-layout-ec2e7a44 wp-block-columns-is-layout-flex\" style=\"padding-top: 0; padding-bottom: 0;\">\n<div class=\"wp-block-column is-vertically-aligned-stretch is-layout-flow wp-block-column-is-layout-flow\" style=\"flex-basis: 60%;\"><figure style=\"aspect-ratio:16\/9;width:100%;height:100%;\" class=\"wp-block-post-featured-image\"><img fetchpriority=\"high\" decoding=\"async\" width=\"2560\" height=\"950\" src=\"https:\/\/fsucanada.ca\/wp-content\/uploads\/2025\/07\/Cancel-Culture-header-photo-purchased-scaled.jpg\" class=\"attachment-post-thumbnail size-post-thumbnail wp-post-image\" alt=\"\" style=\"border-radius:8px;width:100%;height:100%;object-fit:cover;\" srcset=\"https:\/\/fsucanada.ca\/wp-content\/uploads\/2025\/07\/Cancel-Culture-header-photo-purchased-scaled.jpg 2560w, https:\/\/fsucanada.ca\/wp-content\/uploads\/2025\/07\/Cancel-Culture-header-photo-purchased-300x111.jpg 300w, https:\/\/fsucanada.ca\/wp-content\/uploads\/2025\/07\/Cancel-Culture-header-photo-purchased-1024x380.jpg 1024w, https:\/\/fsucanada.ca\/wp-content\/uploads\/2025\/07\/Cancel-Culture-header-photo-purchased-768x285.jpg 768w, https:\/\/fsucanada.ca\/wp-content\/uploads\/2025\/07\/Cancel-Culture-header-photo-purchased-1536x570.jpg 1536w, https:\/\/fsucanada.ca\/wp-content\/uploads\/2025\/07\/Cancel-Culture-header-photo-purchased-2048x760.jpg 2048w, https:\/\/fsucanada.ca\/wp-content\/uploads\/2025\/07\/Cancel-Culture-header-photo-purchased-18x7.jpg 18w\" sizes=\"(max-width: 2560px) 100vw, 2560px\" \/><\/figure><\/div>\n\n<div class=\"wp-block-column is-vertically-aligned-stretch is-layout-flow wp-block-column-is-layout-flow\">\n<div class=\"wp-block-group is-vertical is-content-justification-stretch is-layout-flex wp-container-core-group-is-layout-ae24f51d wp-block-group-is-layout-flex\" style=\"min-height: 100%;\">\n<div class=\"wp-block-group wp-container-content-9cfa9a5a is-vertical is-layout-flex wp-container-core-group-is-layout-fe9cc265 wp-block-group-is-layout-flex\"><\/div>\n<\/div>\n<\/div>\n<\/div>\n\n<p>Une action en justice est co\u00fbteuse et risqu\u00e9e, c'est pourquoi votre soutien est essentiel dans la lutte pour la libert\u00e9 d'expression et la diversit\u00e9 des points de vue.\u00a0<\/p>\n\t\t\t\t\t\t\t\t<\/div>\n\t\t\t\t<\/div>\n\t\t\t\t\t<\/div>\n\t\t\t\t<\/div>\n\t\t<div data-particle_enable=\"false\" data-particle-mobile-disabled=\"false\" class=\"elementor-element elementor-element-ceb8616 e-flex e-con-boxed e-con e-parent\" data-id=\"ceb8616\" data-element_type=\"container\" data-e-type=\"container\">\n\t\t\t\t\t<div class=\"e-con-inner\">\n\t\t\t\t<div class=\"elementor-element elementor-element-b390405 elementor-widget elementor-widget-shortcode\" data-id=\"b390405\" data-element_type=\"widget\" data-e-type=\"widget\" data-widget_type=\"shortcode.default\">\n\t\t\t\t<div class=\"elementor-widget-container\">\n\t\t\t\t\t\t\t<div class=\"elementor-shortcode\"><a class=\"dbox-donation-page-button\" href=\"https:\/\/donorbox.org\/defend-free-speech-in-canada?\" style=\"background: rgb(152, 0, 32); color: rgb(255, 255, 255); text-decoration: none; font-family: Verdana, sans-serif; display: flex; gap: 8px; width: fit-content; font-size: 16px; border-radius: 5px; line-height: 24px; padding: 8px 24px;\"><img decoding=\"async\" src=\"https:\/\/donorbox.org\/images\/white_logo.svg\">Faire un don<\/a><\/div>\n\t\t\t\t\t\t<\/div>\n\t\t\t\t<\/div>\n\t\t\t\t\t<\/div>\n\t\t\t\t<\/div>\n\t\t\t\t<\/div>","protected":false},"excerpt":{"rendered":"<p>Taking legal action is costly &amp; risky, so your support is essential in the fight for free speech &amp; viewpoint diversity.\u00a0 Donate<\/p>","protected":false},"author":2,"featured_media":1101,"parent":0,"menu_order":0,"comment_status":"closed","ping_status":"closed","template":"","meta":{"footnotes":""},"class_list":["post-1103","page","type-page","status-publish","has-post-thumbnail","hentry"],"_links":{"self":[{"href":"https:\/\/fsucanada.ca\/fr\/wp-json\/wp\/v2\/pages\/1103","targetHints":{"allow":["GET"]}}],"collection":[{"href":"https:\/\/fsucanada.ca\/fr\/wp-json\/wp\/v2\/pages"}],"about":[{"href":"https:\/\/fsucanada.ca\/fr\/wp-json\/wp\/v2\/types\/page"}],"author":[{"embeddable":true,"href":"https:\/\/fsucanada.ca\/fr\/wp-json\/wp\/v2\/users\/2"}],"replies":[{"embeddable":true,"href":"https:\/\/fsucanada.ca\/fr\/wp-json\/wp\/v2\/comments?post=1103"}],"version-history":[{"count":0,"href":"https:\/\/fsucanada.ca\/fr\/wp-json\/wp\/v2\/pages\/1103\/revisions"}],"wp:featuredmedia":[{"embeddable":true,"href":"https:\/\/fsucanada.ca\/fr\/wp-json\/wp\/v2\/media\/1101"}],"wp:attachment":[{"href":"https:\/\/fsucanada.ca\/fr\/wp-json\/wp\/v2\/media?parent=1103"}],"curies":[{"name":"wp","href":"https:\/\/api.w.org\/{rel}","templated":true}]}}